{"id":835,"date":"2024-03-05T10:50:31","date_gmt":"2024-03-05T09:50:31","guid":{"rendered":"https:\/\/www.residenzasanlorenzo.com\/vivere-firenze\/"},"modified":"2025-09-12T14:15:35","modified_gmt":"2025-09-12T13:15:35","slug":"vivere-firenze","status":"publish","type":"page","link":"https:\/\/www.residenzasanlorenzo.com\/fr\/vivere-firenze\/","title":{"rendered":"Vivre Florence"},"content":{"rendered":"\t\t<div data-elementor-type=\"wp-page\" data-elementor-id=\"835\" class=\"elementor elementor-835 elementor-29\" data-elementor-post-type=\"page\">\n\t\t\t\t<div class=\"elementor-element elementor-element-eb95e4c e-flex e-con-boxed e-con e-parent\" data-id=\"eb95e4c\" data-element_type=\"container\" data-settings=\"{&quot;background_background&quot;:&quot;slideshow&quot;,&quot;background_motion_fx_translateY_effect&quot;:&quot;yes&quot;,&quot;background_motion_fx_translateY_speed&quot;:{&quot;unit&quot;:&quot;px&quot;,&quot;size&quot;:1,&quot;sizes&quot;:[]},&quot;background_slideshow_gallery&quot;:[{&quot;id&quot;:1094,&quot;url&quot;:&quot;https:\\\/\\\/www.residenzasanlorenzo.com\\\/wp-content\\\/uploads\\\/2024\\\/03\\\/home-hero-residenza-san-lorenzo-firenze.jpg&quot;},{&quot;id&quot;:1130,&quot;url&quot;:&quot;https:\\\/\\\/www.residenzasanlorenzo.com\\\/wp-content\\\/uploads\\\/2024\\\/03\\\/home-hero-residenza-san-lorenzo-firenze-5.jpg&quot;},{&quot;id&quot;:1201,&quot;url&quot;:&quot;https:\\\/\\\/www.residenzasanlorenzo.com\\\/wp-content\\\/uploads\\\/2024\\\/03\\\/home-hero-residenza-san-lorenzo-firenze-7.jpg&quot;},{&quot;id&quot;:1115,&quot;url&quot;:&quot;https:\\\/\\\/www.residenzasanlorenzo.com\\\/wp-content\\\/uploads\\\/2024\\\/03\\\/home-hero-residenza-san-lorenzo-firenze-2.jpg&quot;},{&quot;id&quot;:1180,&quot;url&quot;:&quot;https:\\\/\\\/www.residenzasanlorenzo.com\\\/wp-content\\\/uploads\\\/2024\\\/03\\\/home-hero-residenza-san-lorenzo-firenze-6.jpg&quot;},{&quot;id&quot;:1120,&quot;url&quot;:&quot;https:\\\/\\\/www.residenzasanlorenzo.com\\\/wp-content\\\/uploads\\\/2024\\\/03\\\/home-hero-residenza-san-lorenzo-firenze-3.jpg&quot;}],&quot;background_slideshow_transition_duration&quot;:800,&quot;background_slideshow_loop&quot;:&quot;yes&quot;,&quot;background_slideshow_slide_duration&quot;:5000,&quot;background_slideshow_slide_transition&quot;:&quot;fade&quot;,&quot;background_motion_fx_translateY_affectedRange&quot;:{&quot;unit&quot;:&quot;%&quot;,&quot;size&quot;:&quot;&quot;,&quot;sizes&quot;:{&quot;start&quot;:0,&quot;end&quot;:100}},&quot;background_motion_fx_devices&quot;:[&quot;desktop&quot;,&quot;tablet&quot;,&quot;mobile&quot;]}\">\n\t\t\t\t\t<div class=\"e-con-inner\">\n\t\t\t\t<div class=\"elementor-element elementor-element-5c49573 elementor-invisible elementor-widget elementor-widget-heading\" data-id=\"5c49573\" data-element_type=\"widget\" data-settings=\"{&quot;_animation&quot;:&quot;fadeInUp&quot;}\" data-widget_type=\"heading.default\">\n\t\t\t\t<div class=\"elementor-widget-container\">\n\t\t\t\t\t<h1 class=\"elementor-heading-title elementor-size-default\">Les meilleures<br>exp\u00e9riences \u00e0 Florence<\/h1>\t\t\t\t<\/div>\n\t\t\t\t<\/div>\n\t\t\t\t<div class=\"elementor-element elementor-element-0aedbf7 elementor-widget__width-auto elementor-invisible elementor-widget elementor-widget-heading\" data-id=\"0aedbf7\" data-element_type=\"widget\" data-settings=\"{&quot;_animation&quot;:&quot;fadeIn&quot;,&quot;_animation_delay&quot;:300}\" data-widget_type=\"heading.default\">\n\t\t\t\t<div class=\"elementor-widget-container\">\n\t\t\t\t\t<h6 class=\"elementor-heading-title elementor-size-default\">Vivre une exp\u00e9rience unique dans le berceau de la Renaissance italienne<\/h6>\t\t\t\t<\/div>\n\t\t\t\t<\/div>\n\t\t\t\t\t<\/div>\n\t\t\t\t<\/div>\n\t\t<div class=\"elementor-element elementor-element-256cefd e-con-full e-flex e-con e-parent\" data-id=\"256cefd\" data-element_type=\"container\">\n\t\t\t\t<div class=\"elementor-element elementor-element-b19ac75 elementor-widget elementor-widget-html\" data-id=\"b19ac75\" data-element_type=\"widget\" data-widget_type=\"html.default\">\n\t\t\t\t<div class=\"elementor-widget-container\">\n\t\t\t\t\t<script type=\"text\/javascript\" src=\"https:\/\/widgets.bokun.io\/assets\/javascripts\/apps\/build\/BokunWidgetsLoader.js?bookingChannelUUID=a4b98fd8-8014-4a40-9e7b-7e27b953f489\" async=\"\"><\/script>\n     \n    <div class=\"bokunWidget\" data-src=\"https:\/\/widgets.bokun.io\/online-sales\/a4b98fd8-8014-4a40-9e7b-7e27b953f489\/product-list\/37295\"><\/div>\n    <noscript>Please enable javascript in your browser to book<\/noscript>\t\t\t\t<\/div>\n\t\t\t\t<\/div>\n\t\t\t\t<\/div>\n\t\t\t\t<\/div>\n\t\t","protected":false},"excerpt":{"rendered":"<p>Les meilleuresexp\u00e9riences \u00e0 Florence Vivre une exp\u00e9rience unique dans le berceau de la Renaissance italienne Please enable javascript in your browser to book<\/p>\n","protected":false},"author":1,"featured_media":0,"parent":0,"menu_order":0,"comment_status":"closed","ping_status":"closed","template":"elementor_header_footer","meta":{"inline_featured_image":false,"footnotes":""},"class_list":["post-835","page","type-page","status-publish","hentry"],"_links":{"self":[{"href":"https:\/\/www.residenzasanlorenzo.com\/fr\/wp-json\/wp\/v2\/pages\/835","targetHints":{"allow":["GET"]}}],"collection":[{"href":"https:\/\/www.residenzasanlorenzo.com\/fr\/wp-json\/wp\/v2\/pages"}],"about":[{"href":"https:\/\/www.residenzasanlorenzo.com\/fr\/wp-json\/wp\/v2\/types\/page"}],"author":[{"embeddable":true,"href":"https:\/\/www.residenzasanlorenzo.com\/fr\/wp-json\/wp\/v2\/users\/1"}],"replies":[{"embeddable":true,"href":"https:\/\/www.residenzasanlorenzo.com\/fr\/wp-json\/wp\/v2\/comments?post=835"}],"version-history":[{"count":5,"href":"https:\/\/www.residenzasanlorenzo.com\/fr\/wp-json\/wp\/v2\/pages\/835\/revisions"}],"predecessor-version":[{"id":1494,"href":"https:\/\/www.residenzasanlorenzo.com\/fr\/wp-json\/wp\/v2\/pages\/835\/revisions\/1494"}],"wp:attachment":[{"href":"https:\/\/www.residenzasanlorenzo.com\/fr\/wp-json\/wp\/v2\/media?parent=835"}],"curies":[{"name":"wp","href":"https:\/\/api.w.org\/{rel}","templated":true}]}}